{"id":614,"date":"2026-02-27T18:14:58","date_gmt":"2026-02-27T18:14:58","guid":{"rendered":"https:\/\/pixelcampus.es\/juani\/?page_id=614"},"modified":"2026-03-05T19:15:42","modified_gmt":"2026-03-05T19:15:42","slug":"politica-dae-cookies","status":"publish","type":"page","link":"https:\/\/komodink.es\/juani\/politica-dae-cookies\/","title":{"rendered":"Pol\u00edtica de cookies"},"content":{"rendered":"\t\t<div data-elementor-type=\"wp-page\" data-elementor-id=\"614\" class=\"elementor elementor-614\">\n\t\t\t\t<div class=\"elementor-element elementor-element-7dae8f8b e-flex e-con-boxed e-con e-parent\" data-id=\"7dae8f8b\" data-element_type=\"container\" data-e-type=\"container\">\n\t\t\t\t\t<div class=\"e-con-inner\">\n\t\t\t\t<div class=\"elementor-element elementor-element-42f11048 elementor-widget elementor-widget-text-editor\" data-id=\"42f11048\" data-element_type=\"widget\" data-e-type=\"widget\" data-widget_type=\"text-editor.default\">\n\t\t\t\t<div class=\"elementor-widget-container\">\n\t\t\t\t\t\t\t\t\t<h2 class=\"western\">POL\u00cdTICA DE COOKIES<\/h2><h2 class=\"western\">\u00a0<\/h2><h3 class=\"western\">Definici\u00f3n y funci\u00f3n gen\u00e9rica de las cookies<\/h3><p align=\"justify\">Las cookies son identificadores que enviamos al disco duro de su ordenador a trav\u00e9s de su navegador Web con el fin de que nuestros sistemas puedan reconocer su navegador y ofrecerle ciertos servicios.<\/p><p align=\"justify\">En general, estas tecnolog\u00edas pueden servir para finalidades muy diferentes, por ejemplo, reconocerte como usuario, obtener informaci\u00f3n sobre tus h\u00e1bitos de navegaci\u00f3n, o personalizar la forma en que se muestra el contenido.<\/p><p align=\"justify\">Esta p\u00e1gina utiliza tipos diferentes de cookies. Algunas cookies son colocadas por servicios de terceros que aparecen en nuestras p\u00e1ginas. En algunos casos, al utilizar un motor de b\u00fasqueda Google, es posible que haya aceptado sus propias cookies. Estas cookies de Google son instaladas aun cuando usted no haya aceptado nuestras cookies propias y\/o de terceros.<\/p><p align=\"justify\">A continuaci\u00f3n, indicamos las cookies que utiliza la p\u00e1gina: &#8212;&#8212;&#8212;&#8212;&#8212;<\/p><h3 class=\"western\">COOKIES UTILIZADAS<\/h3><p>\u00a0<\/p><h3 class=\"western\">Cookies necesarias<\/h3><p align=\"justify\">Las cookies necesarias ayudan a hacer una p\u00e1gina web utilizable, activando funciones b\u00e1sicas como la navegaci\u00f3n en la p\u00e1gina y el acceso a \u00e1reas seguras de la p\u00e1gina web. La p\u00e1gina web no puede funcionar adecuadamente sin estas cookies.<\/p><p>\u00a0<\/p><table width=\"97%\" cellspacing=\"0\" cellpadding=\"2\"><tbody><tr><td width=\"34%\"><p>Nombre<\/p><\/td><td width=\"20%\"><p>Proveedor<\/p><\/td><td width=\"32%\"><p>Prop\u00f3sito<\/p><\/td><td width=\"14%\"><p>Caducidad<\/p><\/td><\/tr><tr><td width=\"34%\"><p><code class=\"western\"><span style=\"color: #ff0000;\">_lscache_vary<\/span><\/code><\/p><\/td><td width=\"20%\"><p>Starter templates<\/p><\/td><td width=\"32%\"><p>se utiliza para gestionar el proceso de onboarding (bienvenida o incorporaci\u00f3n) de un usuario a un sitio web o aplicaci\u00f3n que utiliza plantillas predefinidas<\/p><\/td><td width=\"14%\"><p>Sesi\u00f3n<\/p><\/td><\/tr><tr><td width=\"34%\"><p><code class=\"western\">moove_gdpr_popup<\/code><\/p><\/td><td width=\"20%\"><p>GDPR Cookie Compliance<\/p><\/td><td width=\"32%\"><p>utilizada para recordar las preferencias del usuario respecto a la aceptaci\u00f3n o rechazo de cookies en un sitio web<\/p><\/td><td width=\"14%\"><p>Lo decide el usuario (365 d\u00edas por defecto)<\/p><\/td><\/tr><tr><td width=\"34%\"><p><code class=\"western\">PHPSESSID<\/code><\/p><\/td><td width=\"20%\"><p>PHP<\/p><\/td><td width=\"32%\"><p>se utiliza para identificar a los usuarios y gestionar sus sesiones en un sitio web basado en PHP<\/p><\/td><td width=\"14%\"><p>\u00a0<\/p><\/td><\/tr><tr><td width=\"34%\"><p>elementor<\/p><\/td><td width=\"20%\"><p>Elementor<\/p><\/td><td width=\"32%\"><p>Es utilizada por el tema de WordPress del sitio web.\u00a0Permite al propietario del sitio web implementar o cambiar el contenido del sitio web en tiempo real.<\/p><\/td><td width=\"14%\"><p>Sesi\u00f3n<\/p><\/td><\/tr><tr><td width=\"34%\"><p><code class=\"western\">wordpress_logged_in_<\/code><\/p><\/td><td width=\"20%\"><p>WordPress<\/p><\/td><td width=\"32%\"><p>Su funci\u00f3n principal es indicar cu\u00e1ndo se ha iniciado sesi\u00f3n y qui\u00e9n es el usuario, facilitando la navegaci\u00f3n y la gesti\u00f3n de la interfaz de WordPress.\u00a0<\/p><\/td><td width=\"14%\"><p>6 meses<\/p><\/td><\/tr><tr><td width=\"34%\"><p><code class=\"western\">wordpress_sec_<\/code><\/p><\/td><td width=\"20%\"><p>WordPress<\/p><\/td><td width=\"32%\"><p>Permite que el sitio web reconozca al usuario y mantenga su sesi\u00f3n activa mientras navega por la p\u00e1gina.<\/p><\/td><td width=\"14%\"><p>Sesi\u00f3n<\/p><\/td><\/tr><tr><td width=\"34%\"><p><code class=\"western\">wordpress_test_cookie<\/code><\/p><\/td><td width=\"20%\"><p>WordPress<\/p><\/td><td width=\"32%\"><p>Verifica si el navegador del usuario tiene las cookies activadas<\/p><\/td><td width=\"14%\"><p>Sesi\u00f3n<\/p><\/td><\/tr><tr><td width=\"34%\"><p><code class=\"western\">wp-settings-1<\/code><\/p><\/td><td width=\"20%\"><p>WordPress<\/p><\/td><td width=\"32%\"><p>Su funci\u00f3n principal es personalizar la vista de la interfaz de administraci\u00f3n y, posiblemente, la del sitio principal para el usuario.\u00a0<\/p><\/td><td width=\"14%\"><p>Sesi\u00f3n<\/p><\/td><\/tr><tr><td width=\"34%\"><p><code class=\"western\">wp-settings-time-1<\/code><\/p><\/td><td width=\"20%\"><p>WordPress<\/p><\/td><td width=\"32%\"><p>Se utiliza para recordar la hora en que se estableci\u00f3 una cookie relacionada con la configuraci\u00f3n del usuario, generalmente en el \u00e1rea de administraci\u00f3n<\/p><\/td><td width=\"14%\"><p>\u00a0<\/p><\/td><\/tr><tr><td width=\"34%\"><p>e_globals<\/p><\/td><td width=\"20%\"><p>WordPress<\/p><\/td><td width=\"32%\"><p>cookie de sesi\u00f3n utilizada por el framework de desarrollo web Laravel<\/p><\/td><td width=\"14%\"><p>Sesi\u00f3n<\/p><\/td><\/tr><tr><td width=\"34%\"><p>cmplz_task_filter<\/p><\/td><td width=\"20%\"><p>Compilanz<\/p><\/td><td width=\"32%\"><p>Se utiliza para facilitar la recopilaci\u00f3n del consentimiento del usuario<\/p><\/td><td width=\"14%\"><p>31 a\u00f1o<\/p><\/td><\/tr><tr><td width=\"34%\"><p>wp-autosave-1<\/p><\/td><td width=\"20%\"><p>WordPress<\/p><\/td><td width=\"32%\"><p>Su funci\u00f3n principal es almacenar copias autom\u00e1ticas temporales del contenido mientras un usuario edita una entrada o p\u00e1gina, lo que permite restaurar cambios y evitar la p\u00e9rdida de informaci\u00f3n si ocurre un error o cierre inesperado.\u00a0<\/p><\/td><td width=\"14%\"><p>Sesi\u00f3n<\/p><\/td><\/tr><tr><td width=\"34%\"><p>e_kit-elements-defaults<\/p><\/td><td width=\"20%\"><p>La propia Web<\/p><\/td><td width=\"32%\"><p>Su funci\u00f3n principal es\u00a0almacenar configuraciones predeterminadas y mejorar el rendimiento de los elementos de dise\u00f1o en el sitio web.<\/p><\/td><td width=\"14%\"><p>Sesi\u00f3n<\/p><\/td><\/tr><\/tbody><\/table><h3 class=\"western\">Cookies de preferencias<\/h3><p align=\"justify\">Las cookies de preferencias permiten a la p\u00e1gina web recordar informaci\u00f3n que cambia la forma en que la p\u00e1gina se comporta o el aspecto que tiene, como su idioma preferido o la regi\u00f3n en la que usted se encuentra.<\/p><table width=\"97%\" cellspacing=\"0\" cellpadding=\"2\"><tbody><tr><td width=\"17%\"><p>Nombre<\/p><\/td><td width=\"25%\"><p>Proveedor<\/p><\/td><td width=\"46%\"><p>Prop\u00f3sito<\/p><\/td><td width=\"13%\"><p>Caducidad<\/p><\/td><\/tr><tr><td width=\"17%\"><p>SID, SAPISID, APISID<\/p><\/td><td width=\"25%\"><p>Google<\/p><\/td><td width=\"46%\"><p>Preferencias del usuario en la navegaci\u00f3n.<\/p><\/td><td width=\"13%\"><p>2 a\u00f1os<\/p><\/td><\/tr><tr><td width=\"17%\"><p>customizer Visit Count<\/p><\/td><td width=\"25%\"><p>El usuario que la implementa<\/p><\/td><td width=\"46%\"><p>Es una cookie que se utiliza para registrar el n\u00famero de veces que un usuario ha visitado un sitio web.<\/p><\/td><td width=\"13%\"><p>2 a\u00f1os<\/p><\/td><\/tr><\/tbody><\/table><h3 class=\"western\">Cookies de estad\u00edsticas<\/h3><p align=\"justify\">Las cookies estad\u00edsticas ayudan a los propietarios de p\u00e1ginas web a comprender c\u00f3mo interact\u00faan los visitantes con las p\u00e1ginas web reuniendo y proporcionando informaci\u00f3n de forma an\u00f3nima. Para deshabilitar las cookies de Google Analytics, puede instalar el complemento de inhabilitaci\u00f3n para navegadores de Google Analytics que le permitir\u00e1 no mandar informaci\u00f3n estad\u00edstica. Lo tiene disponible en el siguiente enlace: <a href=\"https:\/\/tools.google.com\/dlpage\/gaoptout?hl=es\">https:\/\/tools.google.com\/dlpage\/gaoptout?hl=es<\/a><\/p><table width=\"97%\" cellspacing=\"0\" cellpadding=\"2\"><tbody><tr><td width=\"25%\"><p><strong>Nombre<\/strong><\/p><\/td><td width=\"22%\"><p><strong>Proveedor<\/strong><\/p><\/td><td width=\"38%\"><p><strong>Prop\u00f3sito<\/strong><\/p><\/td><td width=\"15%\"><p><strong>Caducidad<\/strong><\/p><\/td><\/tr><tr><td width=\"25%\"><p>e_event-tracker<\/p><\/td><td width=\"22%\"><p>Propio sitio Web<\/p><\/td><td width=\"38%\"><p>Es un peque\u00f1o archivo de texto que un sitio web guarda en el navegador de un usuario para rastrear su actividad en l\u00ednea.\u00a0Permite a los sitios web y a terceros (como anunciantes) seguir la navegaci\u00f3n del usuario, recopilar datos anal\u00edticos y personalizar la experiencia del usuario.\u00a0<\/p><\/td><td width=\"15%\"><p>12 meses<\/p><\/td><\/tr><tr><td width=\"25%\"><p>Google Maps API<br \/>SSID, HSID, NID<\/p><\/td><td width=\"22%\"><p>Google<\/p><\/td><td width=\"38%\"><p>Estad\u00edsticas de usuarios que usan los mapas.<\/p><\/td><td width=\"15%\"><p>8 meses<\/p><\/td><\/tr><tr><td width=\"25%\"><p>adobeCleanFontAdded<\/p><\/td><td width=\"22%\"><p>Adobe<\/p><\/td><td width=\"38%\"><p>Se utiliza para gestionar la instalaci\u00f3n y el uso de la fuente Adobe Clean en sitios web<\/p><\/td><td width=\"15%\"><p>Entre 7 d\u00edas y 2 a\u00f1os<\/p><\/td><\/tr><\/tbody><\/table><h3 class=\"western\">Cookies de Marketing<\/h3><p align=\"justify\">Las cookies de marketing se utilizan para rastrear a los visitantes en las p\u00e1ginas web. La intenci\u00f3n es mostrar anuncios relevantes y atractivos para el usuario individual, y por lo tanto, m\u00e1s valiosos para los editores y terceros anunciantes.<\/p><p><strong>EN LA ACTUALIDAD ESTA WEB NO UTILIZA ESTE TIPO DE COOKIES<\/strong><\/p><h3 class=\"western\">C\u00d3MO HABILITAR\/DESHABILITAR LAS COOKIES EN LOS PRINCIPALES NAVEGADORES:<\/h3><p align=\"justify\">Normalmente es posible dejar de aceptar las Cookies del navegador, o dejar de aceptar las Cookies de un servicio en particular.<\/p><p align=\"justify\">Todos los navegadores modernos permiten cambiar la configuraci\u00f3n de Cookies. Estos ajustes normalmente se encuentran en las \u2018Opciones\u2019 o \u2018Preferencias\u2019 del men\u00fa de su navegador. Asimismo, puede configurar su navegador o su gestor de correo electr\u00f3nico.<\/p><p align=\"justify\">A continuaci\u00f3n, se ofrece orientaci\u00f3n al usuario sobre los pasos para acceder al men\u00fa de configuraci\u00f3n de las cookies y, en su caso, de la navegaci\u00f3n privada en cada uno de los navegadores principales:<\/p><ul><li><p align=\"justify\"><strong>Internet Explorer:<\/strong>\u00a0Herramientas -&gt; Opciones de Internet\u00a0-&gt; Privacidad\u00a0-&gt; Configuraci\u00f3n. Para m\u00e1s informaci\u00f3n, puede consultar el\u00a0<a href=\"http:\/\/windows.microsoft.com\/es-ES\/windows\/support\">soporte de Microsoft<\/a>\u00a0o la Ayuda del navegador.<\/p><\/li><li><p align=\"justify\"><strong>Firefox:<\/strong> Herramientas\u00a0-&gt; Opciones\u00a0-&gt; Privacidad\u00a0-&gt; Historial\u00a0-&gt; Configuraci\u00f3n personalizada. Para m\u00e1s informaci\u00f3n, puede consultar el\u00a0<a href=\"http:\/\/support.mozilla.org\/es\/home\">soporte de Mozilla<\/a>\u00a0o la Ayuda del navegador.<\/p><\/li><li><p align=\"justify\"><strong>Chrome:<\/strong>\u00a0Configuraci\u00f3n\u00a0-&gt; Mostrar opciones avanzadas\u00a0-&gt; Privacidad\u00a0-&gt; Configuraci\u00f3n de contenido. Para m\u00e1s informaci\u00f3n, puede consultar el\u00a0<a href=\"http:\/\/support.google.com\/chrome\/?hl=es\">soporte de Google<\/a>\u00a0o la Ayuda del navegador.<\/p><\/li><li><p align=\"justify\"><strong>Safari:<\/strong>\u00a0Preferencias\u00a0-&gt; Seguridad. Para m\u00e1s informaci\u00f3n, puede consultar el\u00a0<a href=\"http:\/\/www.apple.com\/es\/support\/safari\/\">soporte de Apple<\/a>\u00a0o la Ayuda del navegador.<\/p><\/li><\/ul><h3 class=\"western\" align=\"justify\">\u00bfQu\u00e9 ocurre si se deshabilitan las Cookies?<\/h3><p align=\"justify\">Algunas funcionalidades de los Servicios quedar\u00e1n deshabilitadas, como, por ejemplo, permanecer identificado, mantener la informaci\u00f3n, acceder a mapas y formularios, etc.<\/p>\t\t\t\t\t\t\t\t<\/div>\n\t\t\t\t<\/div>\n\t\t\t\t\t<\/div>\n\t\t\t\t<\/div>\n\t\t\t\t<\/div>\n\t\t","protected":false},"excerpt":{"rendered":"<p>POL\u00cdTICA DE COOKIES Definici\u00f3n y funci\u00f3n gen\u00e9rica de las cookies Las cookies son identificadores que enviamos al disco duro de su ordenador a trav\u00e9s de su navegador Web con el fin de que nuestros sistemas puedan reconocer su navegador y ofrecerle ciertos servicios. En general, estas tecnolog\u00edas pueden servir para finalidades muy diferentes, por ejemplo, [&hellip;]<\/p>\n","protected":false},"author":1,"featured_media":0,"parent":0,"menu_order":4,"comment_status":"closed","ping_status":"closed","template":"","meta":{"site-sidebar-layout":"default","site-content-layout":"","ast-site-content-layout":"default","site-content-style":"default","site-sidebar-style":"default","ast-global-header-display":"","ast-banner-title-visibility":"","ast-main-header-display":"","ast-hfb-above-header-display":"","ast-hfb-below-header-display":"","ast-hfb-mobile-header-display":"","site-post-title":"","ast-breadcrumbs-content":"","ast-featured-img":"","footer-sml-layout":"","ast-disable-related-posts":"","theme-transparent-header-meta":"default","adv-header-id-meta":"","stick-header-meta":"","header-above-stick-meta":"","header-main-stick-meta":"","header-below-stick-meta":"","astra-migrate-meta-layouts":"set","ast-page-background-enabled":"default","ast-page-background-meta":{"desktop":{"background-color":"","background-image":"","background-repeat":"repeat","background-position":"center center","background-size":"auto","background-attachment":"scroll","background-type":"","background-media":"","overlay-type":"","overlay-color":"","overlay-opacity":"","overlay-gradient":""},"tablet":{"background-color":"","background-image":"","background-repeat":"repeat","background-position":"center center","background-size":"auto","background-attachment":"scroll","background-type":"","background-media":"","overlay-type":"","overlay-color":"","overlay-opacity":"","overlay-gradient":""},"mobile":{"background-color":"","background-image":"","background-repeat":"repeat","background-position":"center center","background-size":"auto","background-attachment":"scroll","background-type":"","background-media":"","overlay-type":"","overlay-color":"","overlay-opacity":"","overlay-gradient":""}},"ast-content-background-meta":{"desktop":{"background-color":"var(--ast-global-color-5)","background-image":"","background-repeat":"repeat","background-position":"center center","background-size":"auto","background-attachment":"scroll","background-type":"","background-media":"","overlay-type":"","overlay-color":"","overlay-opacity":"","overlay-gradient":""},"tablet":{"background-color":"var(--ast-global-color-5)","background-image":"","background-repeat":"repeat","background-position":"center center","background-size":"auto","background-attachment":"scroll","background-type":"","background-media":"","overlay-type":"","overlay-color":"","overlay-opacity":"","overlay-gradient":""},"mobile":{"background-color":"var(--ast-global-color-5)","background-image":"","background-repeat":"repeat","background-position":"center center","background-size":"auto","background-attachment":"scroll","background-type":"","background-media":"","overlay-type":"","overlay-color":"","overlay-opacity":"","overlay-gradient":""}},"footnotes":""},"class_list":["post-614","page","type-page","status-publish","hentry"],"_links":{"self":[{"href":"https:\/\/komodink.es\/juani\/wp-json\/wp\/v2\/pages\/614","targetHints":{"allow":["GET"]}}],"collection":[{"href":"https:\/\/komodink.es\/juani\/wp-json\/wp\/v2\/pages"}],"about":[{"href":"https:\/\/komodink.es\/juani\/wp-json\/wp\/v2\/types\/page"}],"author":[{"embeddable":true,"href":"https:\/\/komodink.es\/juani\/wp-json\/wp\/v2\/users\/1"}],"replies":[{"embeddable":true,"href":"https:\/\/komodink.es\/juani\/wp-json\/wp\/v2\/comments?post=614"}],"version-history":[{"count":6,"href":"https:\/\/komodink.es\/juani\/wp-json\/wp\/v2\/pages\/614\/revisions"}],"predecessor-version":[{"id":1142,"href":"https:\/\/komodink.es\/juani\/wp-json\/wp\/v2\/pages\/614\/revisions\/1142"}],"wp:attachment":[{"href":"https:\/\/komodink.es\/juani\/wp-json\/wp\/v2\/media?parent=614"}],"curies":[{"name":"wp","href":"https:\/\/api.w.org\/{rel}","templated":true}]}}