{"id":619,"date":"2026-02-27T18:19:44","date_gmt":"2026-02-27T18:19:44","guid":{"rendered":"https:\/\/pixelcampus.es\/juani\/?page_id=619"},"modified":"2026-03-05T19:15:24","modified_gmt":"2026-03-05T19:15:24","slug":"politica-de-privacidad","status":"publish","type":"page","link":"https:\/\/komodink.es\/juani\/politica-de-privacidad\/","title":{"rendered":"Pol\u00edtica de privacidad"},"content":{"rendered":"\t\t<div data-elementor-type=\"wp-page\" data-elementor-id=\"619\" class=\"elementor elementor-619\">\n\t\t\t\t<div class=\"elementor-element elementor-element-3cf84038 e-flex e-con-boxed e-con e-parent\" data-id=\"3cf84038\" data-element_type=\"container\" data-e-type=\"container\">\n\t\t\t\t\t<div class=\"e-con-inner\">\n\t\t\t\t<div class=\"elementor-element elementor-element-2579e0a7 elementor-widget elementor-widget-text-editor\" data-id=\"2579e0a7\" data-element_type=\"widget\" data-e-type=\"widget\" data-widget_type=\"text-editor.default\">\n\t\t\t\t<div class=\"elementor-widget-container\">\n\t\t\t\t\t\t\t\t\t<h2 class=\"western\">POL\u00cdTICA DE PRIVACIDAD<\/h2><h2 class=\"western\">\u00a0<\/h2><h3 class=\"western\"><a name=\"_Toc530642023\"><\/a>\u00bfQui\u00e9n es el responsable del tratamiento de datos?<\/h3><ul><li><p><strong>RESPONSABLE DEL TRATAMIENTO\u00a0DE DATOS<\/strong>: &#8212;&#8212;&#8212;- ( &#8212;&#8212;-)<\/p><\/li><li><p><strong>TF: <\/strong><\/p><\/li><li><p><strong>Direcci\u00f3n postal: <\/strong>C\/<\/p><\/li><li><p><strong>Correo electr\u00f3nico: <\/strong>admin@pixelcampus.es<\/p><\/li><li><p><strong>NIF: <\/strong><\/p><\/li><\/ul><h3 class=\"western\"><a name=\"_Toc530642024\"><\/a>\u00bfQu\u00e9 tipo de datos tratamos?<\/h3><p align=\"justify\">Dependiendo de los productos, servicios o funcionalidades de los que quiera disfrutar en cada momento, necesitaremos tratar unos datos u otros.\u00a0 En general, dichos datos, ser\u00e1n, seg\u00fan el caso, los siguientes:<\/p><ul><li><p align=\"justify\">Sus datos identificativos (por ejemplo: su nombre, apellido, idioma, pa\u00eds desde el que interact\u00fae con nosotros, datos de contacto, etc.)<\/p><\/li><li><p align=\"justify\">Datos de conexi\u00f3n, geolocalizaci\u00f3n y navegaci\u00f3n (en caso de que interact\u00fae con nosotros desde el m\u00f3vil, por ejemplo).<\/p><\/li><li><p align=\"justify\">Datos sobre sus gustos y preferencias.<\/p><\/li><\/ul><p align=\"justify\">Recuerde que, cuando le pidamos que rellene sus datos personales para darle acceso a alguna funcionalidad o servicio de la web, marcaremos algunos campos como obligatorios, puesto que son datos que necesitamos para poder prestarle el servicio o darle acceso a la funcionalidad en cuesti\u00f3n. Por favor, tenga en cuenta que, si decide no facilitarnos esos datos, es posible que no pueda completar su registro como usuario o que no pueda disfrutar de esos servicios o funcionalidades.<\/p><h3 class=\"western\"><a name=\"_Toc530642025\"><\/a>\u00bfCon qu\u00e9 finalidad tratamos sus datos personales?<\/h3><p align=\"justify\">Dependiendo de c\u00f3mo interact\u00fae con nuestra web, trataremos sus datos personales para las siguientes finalidades:<\/p><ol><li><p align=\"justify\"><strong>Para atender las solicitudes o peticiones que realice a trav\u00e9s de los distintos medios incorporados a nuestra web. <\/strong>Solo tratamos los datos personales que sean estrictamente necesarios para gestionar o resolver su solicitud o petici\u00f3n.<\/p><\/li><li><p align=\"justify\"><strong>Para la gesti\u00f3n de redes sociales: <\/strong>En el caso de que nos siga o nos contacte a trav\u00e9s de las diferentes redes sociales en las que estamos presentes, trataremos los datos que usted nos proporcione a trav\u00e9s de las mismas. Con la \u00fanica finalidad de dar respuesta a sus mensajes o comentarios y la gesti\u00f3n de nuestra lista de contactos.<\/p><\/li><li><p align=\"justify\"><strong>An\u00e1lisis de usabilidad y de calidad para la mejora de nuestros servicios (Cookies): <\/strong>Si accede a nuestra Plataforma, le informamos de que trataremos sus datos de navegaci\u00f3n para fines anal\u00edticos y estad\u00edsticos, es decir, para entender la forma en la que los usuarios interact\u00faan con nuestra Plataforma y as\u00ed ser capaces de introducir mejoras en la misma. As\u00ed mismo, en ocasiones, realizamos acciones y encuestas de calidad destinadas a conocer el grado de satisfacci\u00f3n de nuestros clientes y usuarios y detectar aquellas \u00e1reas en las que podemos mejorar.<\/p><\/li><\/ol><h3 class=\"western\"><a name=\"_Toc530642026\"><\/a>\u00bfCu\u00e1l es la legitimaci\u00f3n para el tratamiento de sus datos?\u00a0\u00a0<\/h3><p align=\"justify\">La base legal que nos permite tratar sus datos personales tambi\u00e9n depende de la finalidad para la que los tratemos; de este modo, encontraremos distintas bases legales en virtud de las siguientes finalidades:<\/p><ol><li><p align=\"justify\"><strong>\u00a0Atenci\u00f3n de solicitudes de informaci\u00f3n: <\/strong>La base legal para el tratamiento de sus datos es el consentimiento informado para dar respuesta a las consultas planteadas a trav\u00e9s de la p\u00e1gina web, lo que supone la aceptaci\u00f3n de estas condiciones por parte del interesado.<\/p><\/li><li><p align=\"justify\"><strong>Redes sociales: <\/strong>La base de legitimaci\u00f3n es el consentimiento informado para dar respuesta a las consultas planteadas a trav\u00e9s de la red social, as\u00ed como el momento en el que nos sigue y desea formar parte de nuestra lista de contactos.<\/p><\/li><li><p align=\"justify\"><strong>An\u00e1lisis de usabilidad y de calidad (Cookies): <\/strong>La base de legitimaci\u00f3n es el consentimiento prestado en nuestra web para la instalaci\u00f3n de las cookies que considere oportunas.<\/p><\/li><\/ol><h3 class=\"western\"><a name=\"_Toc530642027\"><\/a>\u00bfDurante cu\u00e1nto tiempo conservaremos sus datos?<\/h3><ol><li><p><strong>Solicitud de informaci\u00f3n: <\/strong>Trataremos sus datos durante el tiempo que sea necesario para atender su solicitud o petici\u00f3n y posteriormente 1 a\u00f1o.<\/p><\/li><li><p><strong>Redes sociales: <\/strong>Trataremos sus datos durante el tiempo que sea necesario para atender su solicitud o petici\u00f3n y mientras sea seguidor de nuestro perfil.<\/p><\/li><\/ol><h3 class=\"western\"><a name=\"_Toc530642028\"><\/a>\u00bfCompartiremos sus datos con terceros?<\/h3><p align=\"justify\">Los datos personales no ser\u00e1n cedidos o comunicados a terceros, salvo: obligaci\u00f3n legal, obtengamos su consentimiento expreso o entendamos que existe un inter\u00e9s leg\u00edtimo por nuestra parte, que le ser\u00e1 debidamente comunicado.\u00a0 No obstante, le informamos que estamos presentes en las siguientes redes sociales: Facebook e Instagram para mantener a nuestros seguidores informados respecto de las novedades y servicios de la empresa.<\/p><p align=\"justify\">\u00a0Usted puede acceder a estas redes sociales de manera voluntaria y a trav\u00e9s de los enlaces disponibles en la propia p\u00e1gina web o accediendo directamente y por su cuenta desde el navegador o app instalada. Debe saber, que este sitio web no se hace responsable del uso de los datos que estas redes sociales pueden realizar. Sin embargo, cuando estos datos se generen en la red social y deriven de una interacci\u00f3n con nuestra cuenta oficial, seremos corresponsables del tratamiento junto con la red social.<\/p><p align=\"justify\">Para poder consentir nuestra cesi\u00f3n desde este sitio web y el tratamiento que se realiza de sus datos, deber\u00e1 leer detenidamente la pol\u00edtica de privacidad de la red social a la que desee acceder:<\/p><ul><li><p>Facebook:\u00a0<a href=\"https:\/\/es-es.facebook.com\/privacy\/explanation\">https:\/\/es-es.facebook.com\/privacy\/explanation<\/a><\/p><\/li><li><p>Instagram: <a href=\"https:\/\/about.instagram.com\/es-la\/blog\/announcements\/instagram-community-data-policy\">https:\/\/about.instagram.com\/es-la\/blog\/announcements\/instagram-community-data-policy\u00a0\u00a0<\/a><\/p><\/li><\/ul><p align=\"justify\">De esta manera, antes de pinchar en los logos de las RR. SS. presentes en nuestra p\u00e1gina web, puede informarse y realizar un redireccionamiento con previo conocimiento del tratamiento de sus datos y de manera voluntaria.<\/p><p align=\"justify\"><strong>Transferencias internacionales: <\/strong>Cualquier transferencia internacional de datos personales (por ejemplo, en el caso de uso de cookies, redes sociales, etc.) se basar\u00e1 en su consentimiento expreso, en caso de que no exista una decisi\u00f3n de adecuaci\u00f3n, garant\u00edas adecuadas u otra base legal que la legitime.<\/p><h3 class=\"western\"><a name=\"_Toc530642029\"><\/a>\u00bfCu\u00e1les son sus derechos cuando nos facilita sus datos?<\/h3><p align=\"justify\">Nos comprometemos a respetar la confidencialidad de sus datos personales y a garantizarle el ejercicio de sus derechos. Podr\u00e1 ejercitarlos sin coste alguno remiti\u00e9ndonos un correo electr\u00f3nico a nuestra direcci\u00f3n<\/p><p lang=\"es-ES-u-co-trad\" align=\"justify\">admin@pixelcampus.es , simplemente indic\u00e1ndonos el motivo de su solicitud y el derecho que quiere ejercitar.<\/p><p align=\"justify\">En caso de que lo consideremos necesario para poder identificarle, podremos solicitarle copia de un documento acreditativo de su identidad. En particular, independientemente de la finalidad o la base legal en virtud de la que tratemos sus datos, usted tiene derecho a:<\/p><ul><li><p align=\"justify\">Pedirnos acceso a los datos suyos de los que disponemos.<\/p><\/li><li><p align=\"justify\">\u00a0Pedirnos que rectifiquemos los datos de los que ya disponemos. Tenga en cuenta que, al facilitarnos activamente sus datos personales por cualquier v\u00eda, garantiza que son ciertos y exactos y se compromete a notificarnos cualquier cambio o modificaci\u00f3n de los mismos.<\/p><\/li><li><p align=\"justify\">Pedirnos que suprimamos sus datos en la medida en que ya no sean necesarios para la finalidad para la que necesitemos tratarlos, seg\u00fan te hemos informado con anterioridad, o en que ya no contemos con legitimaci\u00f3n para hacerlo.<\/p><\/li><li><p align=\"justify\">Pedirnos que limitemos el tratamiento de sus datos, lo que supone que en determinados casos pueda solicitarnos que suspendamos temporalmente el tratamiento de los datos o que los conservemos m\u00e1s all\u00e1 del tiempo necesario cuando pueda necesitarlo. Si nos ha proporcionado su consentimiento para el tratamiento de sus datos para cualquier finalidad, tambi\u00e9n tiene derecho a retirarlo en cualquier momento.<\/p><\/li><li><p align=\"justify\">Recibir aquellos datos personales que le incumban y que nos haya facilitado, en un formato estructurado, de uso com\u00fan y lectura mec\u00e1nica, as\u00ed como a transmitirlos a otro responsable del tratamiento.<\/p><\/li><\/ul><p align=\"justify\">Por otra parte, cuando el tratamiento de sus datos est\u00e9 basado en nuestro inter\u00e9s leg\u00edtimo, tambi\u00e9n tendr\u00e1s derecho a oponerte al tratamiento de sus datos.<\/p><p align=\"justify\">Por \u00faltimo, le informamos de su derecho a presentar una reclamaci\u00f3n ante la autoridad de control en materia de protecci\u00f3n de datos pertinente, en particular, ante la Agencia Espa\u00f1ola de Protecci\u00f3n de Datos\u00a0<a href=\"https:\/\/www.agpd.es\/portalwebAGPD\/index-ides-idphp.php\">https:\/\/www.agpd.es\/portalwebAGPD\/index-ides-idphp.php<\/a>\u00a0<\/p><h3 class=\"western\" align=\"justify\"><a name=\"_Toc530642030\"><\/a>Cambios a la pol\u00edtica de privacidad.<\/h3><p align=\"justify\">\u00a0Es posible que modifiquemos la informaci\u00f3n contenida en esta Pol\u00edtica de Privacidad cuando lo estimemos conveniente. En caso de que lo hagamos, se lo notificaremos por distintas v\u00edas a trav\u00e9s de la Plataforma, o incluso se lo comunicaremos a su direcci\u00f3n de correo electr\u00f3nico cuando el cambio en cuesti\u00f3n sea significativo para con su privacidad, de manera que pueda revisar los cambios, valorarlos y, en su caso, oponerse o darse de baja en alg\u00fan servicio o funcionalidad.<\/p><h3 class=\"western\"><a name=\"_Toc530642031\"><\/a>Informaci\u00f3n sobre las Cookies<\/h3><p align=\"justify\">Utilizamos cookies y dispositivos similares para facilitar su navegaci\u00f3n en la Plataforma, conocer c\u00f3mo interact\u00faa con nosotros y, en determinados casos, poder mostrarle publicidad en funci\u00f3n de sus h\u00e1bitos de navegaci\u00f3n. Por favor, lea nuestra\u00a0<strong><a href=\"https:\/\/www.carpinteriamesa.com\/politica-de-cookies\/\">Pol\u00edtica de Cookies<\/a><\/strong>\u00a0para conocer con mayor detalle las cookies y dispositivos similares que usamos, su finalidad y otra informaci\u00f3n de inter\u00e9s.<\/p>\t\t\t\t\t\t\t\t<\/div>\n\t\t\t\t<\/div>\n\t\t\t\t\t<\/div>\n\t\t\t\t<\/div>\n\t\t\t\t<\/div>\n\t\t","protected":false},"excerpt":{"rendered":"<p>POL\u00cdTICA DE PRIVACIDAD \u00bfQui\u00e9n es el responsable del tratamiento de datos? RESPONSABLE DEL TRATAMIENTO\u00a0DE DATOS: &#8212;&#8212;&#8212;- ( &#8212;&#8212;-) TF: Direcci\u00f3n postal: C\/ Correo electr\u00f3nico: admin@pixelcampus.es NIF: \u00bfQu\u00e9 tipo de datos tratamos? Dependiendo de los productos, servicios o funcionalidades de los que quiera disfrutar en cada momento, necesitaremos tratar unos datos u otros.\u00a0 En general, dichos [&hellip;]<\/p>\n","protected":false},"author":1,"featured_media":0,"parent":0,"menu_order":3,"comment_status":"closed","ping_status":"closed","template":"","meta":{"site-sidebar-layout":"default","site-content-layout":"","ast-site-content-layout":"default","site-content-style":"default","site-sidebar-style":"default","ast-global-header-display":"","ast-banner-title-visibility":"","ast-main-header-display":"","ast-hfb-above-header-display":"","ast-hfb-below-header-display":"","ast-hfb-mobile-header-display":"","site-post-title":"","ast-breadcrumbs-content":"","ast-featured-img":"","footer-sml-layout":"","ast-disable-related-posts":"","theme-transparent-header-meta":"default","adv-header-id-meta":"","stick-header-meta":"","header-above-stick-meta":"","header-main-stick-meta":"","header-below-stick-meta":"","astra-migrate-meta-layouts":"set","ast-page-background-enabled":"default","ast-page-background-meta":{"desktop":{"background-color":"","background-image":"","background-repeat":"repeat","background-position":"center center","background-size":"auto","background-attachment":"scroll","background-type":"","background-media":"","overlay-type":"","overlay-color":"","overlay-opacity":"","overlay-gradient":""},"tablet":{"background-color":"","background-image":"","background-repeat":"repeat","background-position":"center center","background-size":"auto","background-attachment":"scroll","background-type":"","background-media":"","overlay-type":"","overlay-color":"","overlay-opacity":"","overlay-gradient":""},"mobile":{"background-color":"","background-image":"","background-repeat":"repeat","background-position":"center center","background-size":"auto","background-attachment":"scroll","background-type":"","background-media":"","overlay-type":"","overlay-color":"","overlay-opacity":"","overlay-gradient":""}},"ast-content-background-meta":{"desktop":{"background-color":"var(--ast-global-color-5)","background-image":"","background-repeat":"repeat","background-position":"center center","background-size":"auto","background-attachment":"scroll","background-type":"","background-media":"","overlay-type":"","overlay-color":"","overlay-opacity":"","overlay-gradient":""},"tablet":{"background-color":"var(--ast-global-color-5)","background-image":"","background-repeat":"repeat","background-position":"center center","background-size":"auto","background-attachment":"scroll","background-type":"","background-media":"","overlay-type":"","overlay-color":"","overlay-opacity":"","overlay-gradient":""},"mobile":{"background-color":"var(--ast-global-color-5)","background-image":"","background-repeat":"repeat","background-position":"center center","background-size":"auto","background-attachment":"scroll","background-type":"","background-media":"","overlay-type":"","overlay-color":"","overlay-opacity":"","overlay-gradient":""}},"footnotes":""},"class_list":["post-619","page","type-page","status-publish","hentry"],"_links":{"self":[{"href":"https:\/\/komodink.es\/juani\/wp-json\/wp\/v2\/pages\/619","targetHints":{"allow":["GET"]}}],"collection":[{"href":"https:\/\/komodink.es\/juani\/wp-json\/wp\/v2\/pages"}],"about":[{"href":"https:\/\/komodink.es\/juani\/wp-json\/wp\/v2\/types\/page"}],"author":[{"embeddable":true,"href":"https:\/\/komodink.es\/juani\/wp-json\/wp\/v2\/users\/1"}],"replies":[{"embeddable":true,"href":"https:\/\/komodink.es\/juani\/wp-json\/wp\/v2\/comments?post=619"}],"version-history":[{"count":6,"href":"https:\/\/komodink.es\/juani\/wp-json\/wp\/v2\/pages\/619\/revisions"}],"predecessor-version":[{"id":1168,"href":"https:\/\/komodink.es\/juani\/wp-json\/wp\/v2\/pages\/619\/revisions\/1168"}],"wp:attachment":[{"href":"https:\/\/komodink.es\/juani\/wp-json\/wp\/v2\/media?parent=619"}],"curies":[{"name":"wp","href":"https:\/\/api.w.org\/{rel}","templated":true}]}}